{"id":14,"date":"2026-01-14T12:03:56","date_gmt":"2026-01-14T09:03:56","guid":{"rendered":"https:\/\/gino.com.tr\/?page_id=14"},"modified":"2026-03-08T22:43:57","modified_gmt":"2026-03-08T19:43:57","slug":"iade-ve-geri-odeme-politikasi","status":"publish","type":"page","link":"https:\/\/gino.com.tr\/index.php\/iade-ve-geri-odeme-politikasi\/","title":{"rendered":"\u0130ade ve Geri \u00d6deme Politikas\u0131"},"content":{"rendered":"\t\t<div data-elementor-type=\"wp-page\" data-elementor-id=\"14\" class=\"elementor elementor-14\">\n\t\t\t\t<div class=\"elementor-element elementor-element-2193f780 e-flex e-con-boxed lakit-col-width-auto-no e-container e-root-container elementor-top-section e-con e-parent\" data-id=\"2193f780\" data-element_type=\"container\" data-e-type=\"container\">\n\t\t\t\t\t<div class=\"e-con-inner\">\n\t\t\t\t<div class=\"elementor-element elementor-element-5fec20fa elementor-widget elementor-widget-text-editor\" data-id=\"5fec20fa\" data-element_type=\"widget\" data-e-type=\"widget\" data-widget_type=\"text-editor.default\">\n\t\t\t\t\t\t\t\t\t<p>Justmybasic\u2019ten ald\u0131\u011f\u0131n\u0131z her \u00fcr\u00fcn \u00f6zenle haz\u0131rlanmaktad\u0131r.<\/p>\n<p>Memnuniyet \u00f6nceli\u011fimizdir.<\/p>\n<p>\u0130ade Ko\u015fullar\u0131<\/p>\n<p>\u2022\u00dcr\u00fcn kullan\u0131lmam\u0131\u015f olmal\u0131d\u0131r.<\/p>\n<p>\u2022Etiketi kopmam\u0131\u015f olmal\u0131d\u0131r.<\/p>\n<p>\u2022\u00dcr\u00fcnle birlikte gelen t\u00fcm keseler ve aksesuarlar eksiksiz olmal\u0131d\u0131r.<\/p>\n<p>\u2022Talep, teslimden itibaren 14 g\u00fcn i\u00e7inde yap\u0131lmal\u0131d\u0131r.<\/p>\n<p>\u0130ade S\u00fcreci<\/p>\n<p>1.M\u00fc\u015fteri, iade talebini e-posta veya WhatsApp ile iletir.<\/p>\n<p>2.\u0130ade onaylan\u0131r.<\/p>\n<p>3.\u00dcr\u00fcn, m\u00fc\u015fteri taraf\u0131ndan g\u00f6nderilir.<\/p>\n<p>4.\u00dcr\u00fcn ula\u015ft\u0131ktan sonra 14 g\u00fcn i\u00e7inde \u00fccret iadesi yap\u0131l\u0131r.<\/p>\n<p>Kargo \u00dccreti<\/p>\n<p>\u0130ade kargo \u00fccreti m\u00fc\u015fteriye aittir.<\/p>\n<p>Geri \u00d6deme<\/p>\n<p>Geri \u00f6demeler, \u00f6demenin yap\u0131ld\u0131\u011f\u0131 y\u00f6ntemle ayn\u0131 \u015fekilde yap\u0131l\u0131r.<\/p>\n<p>(Banka s\u00fcre\u00e7leri 1\u20137 i\u015f g\u00fcn\u00fc\u00a0s\u00fcrebilir.)<\/p>\t\t\t\t\t\t\t\t<\/div>\n\t\t\t\t\t<\/div>\n\t\t\t\t<\/div>\n\t\t\t\t<\/div>\n\t\t","protected":false},"excerpt":{"rendered":"<p>Justmybasic\u2019ten ald\u0131\u011f\u0131n\u0131z her \u00fcr\u00fcn \u00f6zenle haz\u0131rlanmaktad\u0131r. Memnuniyet \u00f6nceli\u011fimizdir. \u0130ade Ko\u015fullar\u0131 \u2022\u00dcr\u00fcn kullan\u0131lmam\u0131\u015f olmal\u0131d\u0131r. \u2022Etiketi kopmam\u0131\u015f olmal\u0131d\u0131r. \u2022\u00dcr\u00fcnle birlikte gelen t\u00fcm keseler ve aksesuarlar eksiksiz olmal\u0131d\u0131r. \u2022Talep, teslimden itibaren 14 g\u00fcn i\u00e7inde yap\u0131lmal\u0131d\u0131r. \u0130ade S\u00fcreci 1.M\u00fc\u015fteri, iade talebini e-posta veya WhatsApp ile iletir. 2.\u0130ade onaylan\u0131r. 3.\u00dcr\u00fcn, m\u00fc\u015fteri taraf\u0131ndan g\u00f6nderilir. 4.\u00dcr\u00fcn ula\u015ft\u0131ktan sonra&hellip;<\/p>\n","protected":false},"author":1,"featured_media":0,"parent":0,"menu_order":0,"comment_status":"closed","ping_status":"closed","template":"","meta":{"footnotes":""},"class_list":["post-14","page","type-page","status-publish","hentry"],"_links":{"self":[{"href":"https:\/\/gino.com.tr\/index.php\/wp-json\/wp\/v2\/pages\/14","targetHints":{"allow":["GET"]}}],"collection":[{"href":"https:\/\/gino.com.tr\/index.php\/wp-json\/wp\/v2\/pages"}],"about":[{"href":"https:\/\/gino.com.tr\/index.php\/wp-json\/wp\/v2\/types\/page"}],"author":[{"embeddable":true,"href":"https:\/\/gino.com.tr\/index.php\/wp-json\/wp\/v2\/users\/1"}],"replies":[{"embeddable":true,"href":"https:\/\/gino.com.tr\/index.php\/wp-json\/wp\/v2\/comments?post=14"}],"version-history":[{"count":4,"href":"https:\/\/gino.com.tr\/index.php\/wp-json\/wp\/v2\/pages\/14\/revisions"}],"predecessor-version":[{"id":8876,"href":"https:\/\/gino.com.tr\/index.php\/wp-json\/wp\/v2\/pages\/14\/revisions\/8876"}],"wp:attachment":[{"href":"https:\/\/gino.com.tr\/index.php\/wp-json\/wp\/v2\/media?parent=14"}],"curies":[{"name":"wp","href":"https:\/\/api.w.org\/{rel}","templated":true}]}}