{"id":5110,"date":"2022-07-29T10:47:26","date_gmt":"2022-07-29T10:47:26","guid":{"rendered":"https:\/\/zumma.la-studioweb.com\/?page_id=5110"},"modified":"2026-03-05T16:25:26","modified_gmt":"2026-03-05T13:25:26","slug":"hakkimizda","status":"publish","type":"page","link":"https:\/\/gino.com.tr\/index.php\/hakkimizda\/","title":{"rendered":"Hakk\u0131m\u0131zda"},"content":{"rendered":"\t\t<div data-elementor-type=\"wp-page\" data-elementor-id=\"5110\" class=\"elementor elementor-5110\">\n\t\t\t\t<div class=\"elementor-element elementor-element-fb0597b e-con-full e-flex lakit-col-width-auto-no e-container e-root-container elementor-top-section e-con e-parent\" data-id=\"fb0597b\" data-element_type=\"container\" data-e-type=\"container\">\n\t\t\t\t<div class=\"elementor-element elementor-element-f46df54 elementor-widget elementor-widget-heading\" data-id=\"f46df54\" data-element_type=\"widget\" data-e-type=\"widget\" data-widget_type=\"heading.default\">\n\t\t\t\t\t<p class=\"elementor-heading-title elementor-size-default\">Hakk\u0131m\u0131zda<\/p>\t\t\t\t<\/div>\n\t\t\t\t<\/div>\n\t\t<div class=\"elementor-element elementor-element-230fceb e-flex e-con-boxed lakit-col-width-auto-no e-container e-root-container elementor-top-section e-con e-parent\" data-id=\"230fceb\" data-element_type=\"container\" data-e-type=\"container\">\n\t\t\t\t\t<div class=\"e-con-inner\">\n\t\t<div class=\"elementor-element elementor-element-73d113b e-con-full e-flex lakit-col-width-auto-no e-container e-con e-child\" data-id=\"73d113b\" data-element_type=\"container\" data-e-type=\"container\">\n\t\t\t\t<div class=\"elementor-element elementor-element-9b04fb8 elementor-widget elementor-widget-text-editor\" data-id=\"9b04fb8\" data-element_type=\"widget\" data-e-type=\"widget\" data-widget_type=\"text-editor.default\">\n\t\t\t\t\t\t\t\t\t<p>Justmybasic, 2019\u2019da \u0130stanbul\u2019da do\u011fan; yava\u015f \u00fcretim anlay\u0131\u015f\u0131yla haz\u0131rlanan sade, i\u015flevli ve zamans\u0131z kuma\u015f \u00e7antalardan olu\u015fan k\u00fc\u00e7\u00fck bir d\u00fcnyad\u0131r.<\/p><p>G\u00fcnl\u00fck hayat\u0131n da\u011f\u0131n\u0131kl\u0131\u011f\u0131n\u0131, basit ve iyi d\u00fc\u015f\u00fcn\u00fclm\u00fc\u015f formlarla hafifletmeyi ama\u00e7lar.<\/p><p>Markan\u0131n temelinde \u00fc\u00e7 karakter vard\u0131r:<\/p><p>Romantik, Da\u011f\u0131n\u0131k ve Ters Y\u00fcz.<\/p><p>Her biri farkl\u0131 bir h\u00e2lden, farkl\u0131 bir ihtiya\u00e7tan ve farkl\u0131 bir ritimden do\u011far;<\/p><p>ama hepsi ayn\u0131 fikrin etraf\u0131nda bulu\u015fur:<\/p><p>\u201cAz e\u015fya, \u00e7ok nefes.\u201d<\/p><p>Justmybasic\u2019in \u00e7izgisini belirleyen \u015fey; sade ya\u015fam\u0131, dinginli\u011fi ve iyi d\u00fc\u015f\u00fcn\u00fclm\u00fc\u015f<\/p><p>detaylar\u0131 seven bir bak\u0131\u015f a\u00e7\u0131s\u0131d\u0131r.<\/p><p>Her bir \u00e7antan\u0131n arkas\u0131nda, Merve\u2019nin bu yal\u0131nl\u0131\u011fa duydu\u011fu sevginin ince bir izi vard\u0131r.<\/p><p>Markan\u0131n renkleri, kuma\u015flar\u0131 ve hik\u00e2yele ri bu sakinli\u011fin i\u00e7inden se\u00e7ilir;<\/p><p>her \u00fcr\u00fcn ayn\u0131 \u00f6zenli ritimle haz\u0131rlan\u0131r.<\/p><p>Justmybasic\u2019te her \u00e7anta s\u0131n\u0131rl\u0131 adette \u00fcretilir, elde haz\u0131rlan\u0131r ve uzun \u00f6m\u00fcrl\u00fc kullan\u0131m i\u00e7in tasarlan\u0131r.<\/p><p>Kuma\u015f se\u00e7imi, diki\u015fin sa\u011flaml\u0131\u011f\u0131, renklerin dinginli\u011fi ve formlar\u0131n yal\u0131nl\u0131\u011f\u0131\u2026<\/p><p>Hepsi bilin\u00e7li bir sadeli\u011fin par\u00e7as\u0131d\u0131r.<\/p><p>Marka bug\u00fcn \u00fc\u00e7 \u00fcr\u00fcnle yol al\u0131yor;<\/p><p>yar\u0131n bu d\u00fcnyaya yeni hik\u00e2yeler, yeni kuma\u015flar ve yeni formlar kat\u0131lacak.<\/p><p>Ama de\u011fi\u015fmeyecek bir \u015fey var:<\/p><ul><li>Her \u00fcr\u00fcn\u00fcn yava\u015f\u00e7a, \u00f6zenle ve az say\u0131da haz\u0131rlanmas\u0131.<\/li><li>Justmybasic, her g\u00fcn\u00fcn i\u00e7inde k\u00fc\u00e7\u00fck bir ferahl\u0131k ta\u015f\u0131yan,<\/li><li>kullan\u0131ld\u0131k\u00e7a daha da g\u00fczelle\u015fen \u00e7antalar \u00fcretir.<\/li><\/ul>\t\t\t\t\t\t\t\t<\/div>\n\t\t\t\t<\/div>\n\t\t<div class=\"elementor-element elementor-element-16be368 e-con-full e-flex lakit-col-width-auto-no e-container e-con e-child\" data-id=\"16be368\" data-element_type=\"container\" data-e-type=\"container\">\n\t\t\t\t<div class=\"elementor-element elementor-element-2d624e5 elementor-widget__width-initial elementor-widget elementor-widget-image\" data-id=\"2d624e5\" data-element_type=\"widget\" data-e-type=\"widget\" data-widget_type=\"image.default\">\n\t\t\t\t\t\t\t\t\t\t\t\t\t\t\t<img fetchpriority=\"high\" decoding=\"async\" width=\"1920\" height=\"2560\" src=\"https:\/\/gino.com.tr\/wp-content\/uploads\/2026\/01\/IMG_8434-scaled.jpeg\" class=\"attachment-full size-full wp-image-7777\" alt=\"\" srcset=\"https:\/\/gino.com.tr\/wp-content\/uploads\/2026\/01\/IMG_8434-scaled.jpeg 1920w, https:\/\/gino.com.tr\/wp-content\/uploads\/2026\/01\/IMG_8434-1152x1536.jpeg 1152w, https:\/\/gino.com.tr\/wp-content\/uploads\/2026\/01\/IMG_8434-1536x2048.jpeg 1536w\" sizes=\"(max-width: 1920px) 100vw, 1920px\" \/>\t\t\t\t\t\t\t\t\t\t\t\t\t\t\t<\/div>\n\t\t\t\t<div class=\"elementor-element elementor-element-036c614 elementor-widget__width-initial elementor-widget elementor-widget-image\" data-id=\"036c614\" data-element_type=\"widget\" data-e-type=\"widget\" data-widget_type=\"image.default\">\n\t\t\t\t\t\t\t\t\t\t\t\t\t\t\t<img decoding=\"async\" width=\"1920\" height=\"2560\" src=\"https:\/\/gino.com.tr\/wp-content\/uploads\/2026\/01\/IMG_0078-scaled.jpeg\" class=\"attachment-full size-full wp-image-7776\" alt=\"\" srcset=\"https:\/\/gino.com.tr\/wp-content\/uploads\/2026\/01\/IMG_0078-scaled.jpeg 1920w, https:\/\/gino.com.tr\/wp-content\/uploads\/2026\/01\/IMG_0078-1152x1536.jpeg 1152w, https:\/\/gino.com.tr\/wp-content\/uploads\/2026\/01\/IMG_0078-1536x2048.jpeg 1536w\" sizes=\"(max-width: 1920px) 100vw, 1920px\" \/>\t\t\t\t\t\t\t\t\t\t\t\t\t\t\t<\/div>\n\t\t\t\t<\/div>\n\t\t\t\t\t<\/div>\n\t\t\t\t<\/div>\n\t\t<div class=\"elementor-element elementor-element-6e9e2d9 e-flex e-con-boxed lakit-col-width-auto-no e-container e-root-container elementor-top-section e-con e-parent\" data-id=\"6e9e2d9\" data-element_type=\"container\" data-e-type=\"container\">\n\t\t\t\t\t<div class=\"e-con-inner\">\n\t\t<div class=\"elementor-element elementor-element-f2bc237 e-con-full e-flex lakit-col-width-auto-no e-container e-con e-child\" data-id=\"f2bc237\" data-element_type=\"container\" data-e-type=\"container\">\n\t\t\t\t<div class=\"elementor-element elementor-element-be977dd elementor-widget elementor-widget-image\" data-id=\"be977dd\" data-element_type=\"widget\" data-e-type=\"widget\" data-widget_type=\"image.default\">\n\t\t\t\t\t\t\t\t\t\t\t\t\t\t\t<img decoding=\"async\" width=\"2460\" height=\"1685\" src=\"https:\/\/gino.com.tr\/wp-content\/uploads\/2026\/01\/FullSizeRender-scaled-e1772395266506.jpeg\" class=\"attachment-medium_large size-medium_large wp-image-7768\" alt=\"\" srcset=\"https:\/\/gino.com.tr\/wp-content\/uploads\/2026\/01\/FullSizeRender-scaled-e1772395266506.jpeg 2460w, https:\/\/gino.com.tr\/wp-content\/uploads\/2026\/01\/FullSizeRender-scaled-e1772395266506-1536x1052.jpeg 1536w, https:\/\/gino.com.tr\/wp-content\/uploads\/2026\/01\/FullSizeRender-scaled-e1772395266506-2048x1403.jpeg 2048w\" sizes=\"(max-width: 2460px) 100vw, 2460px\" \/>\t\t\t\t\t\t\t\t\t\t\t\t\t\t\t<\/div>\n\t\t\t\t<\/div>\n\t\t<div class=\"elementor-element elementor-element-33f1535 e-con-full e-flex lakit-col-width-auto-no e-container e-con e-child\" data-id=\"33f1535\" data-element_type=\"container\" data-e-type=\"container\">\n\t\t\t\t<div class=\"elementor-element elementor-element-1a81c79 elementor-widget elementor-widget-text-editor\" data-id=\"1a81c79\" data-element_type=\"widget\" data-e-type=\"widget\" data-widget_type=\"text-editor.default\">\n\t\t\t\t\t\t\t\t\t<p>\u201cHer \u015fey biraz sakinlikten, biraz emekten, biraz da i\u00e7 sesimden do\u011fdu.\u201d<\/p>\t\t\t\t\t\t\t\t<\/div>\n\t\t\t\t<div class=\"elementor-element elementor-element-bbd62e5 elementor-widget elementor-widget-text-editor\" data-id=\"bbd62e5\" data-element_type=\"widget\" data-e-type=\"widget\" data-widget_type=\"text-editor.default\">\n\t\t\t\t\t\t\t\t\t<p>Merve Nigri &#8211; JMB\u00a0<\/p>\t\t\t\t\t\t\t\t<\/div>\n\t\t\t\t<\/div>\n\t\t\t\t\t<\/div>\n\t\t\t\t<\/div>\n\t\t\t\t<\/div>\n\t\t","protected":false},"excerpt":{"rendered":"<p>Hakk\u0131m\u0131zda Justmybasic, 2019\u2019da \u0130stanbul\u2019da do\u011fan; yava\u015f \u00fcretim anlay\u0131\u015f\u0131yla haz\u0131rlanan sade, i\u015flevli ve zamans\u0131z kuma\u015f \u00e7antalardan olu\u015fan k\u00fc\u00e7\u00fck bir d\u00fcnyad\u0131r. G\u00fcnl\u00fck hayat\u0131n da\u011f\u0131n\u0131kl\u0131\u011f\u0131n\u0131, basit ve iyi d\u00fc\u015f\u00fcn\u00fclm\u00fc\u015f formlarla hafifletmeyi ama\u00e7lar. Markan\u0131n temelinde \u00fc\u00e7 karakter vard\u0131r: Romantik, Da\u011f\u0131n\u0131k ve Ters Y\u00fcz. Her biri farkl\u0131 bir h\u00e2lden, farkl\u0131 bir ihtiya\u00e7tan ve farkl\u0131 bir ritimden&hellip;<\/p>\n","protected":false},"author":1,"featured_media":0,"parent":0,"menu_order":0,"comment_status":"closed","ping_status":"closed","template":"","meta":{"footnotes":""},"class_list":["post-5110","page","type-page","status-publish","hentry"],"_links":{"self":[{"href":"https:\/\/gino.com.tr\/index.php\/wp-json\/wp\/v2\/pages\/5110","targetHints":{"allow":["GET"]}}],"collection":[{"href":"https:\/\/gino.com.tr\/index.php\/wp-json\/wp\/v2\/pages"}],"about":[{"href":"https:\/\/gino.com.tr\/index.php\/wp-json\/wp\/v2\/types\/page"}],"author":[{"embeddable":true,"href":"https:\/\/gino.com.tr\/index.php\/wp-json\/wp\/v2\/users\/1"}],"replies":[{"embeddable":true,"href":"https:\/\/gino.com.tr\/index.php\/wp-json\/wp\/v2\/comments?post=5110"}],"version-history":[{"count":107,"href":"https:\/\/gino.com.tr\/index.php\/wp-json\/wp\/v2\/pages\/5110\/revisions"}],"predecessor-version":[{"id":8809,"href":"https:\/\/gino.com.tr\/index.php\/wp-json\/wp\/v2\/pages\/5110\/revisions\/8809"}],"wp:attachment":[{"href":"https:\/\/gino.com.tr\/index.php\/wp-json\/wp\/v2\/media?parent=5110"}],"curies":[{"name":"wp","href":"https:\/\/api.w.org\/{rel}","templated":true}]}}