{"id":8859,"date":"2026-03-08T22:33:40","date_gmt":"2026-03-08T19:33:40","guid":{"rendered":"https:\/\/gino.com.tr\/?page_id=8859"},"modified":"2026-03-08T22:34:53","modified_gmt":"2026-03-08T19:34:53","slug":"sirket-bilgileri","status":"publish","type":"page","link":"https:\/\/gino.com.tr\/index.php\/sirket-bilgileri\/","title":{"rendered":"\u015eirket Bilgileri"},"content":{"rendered":"\t\t<div data-elementor-type=\"wp-page\" data-elementor-id=\"8859\" class=\"elementor elementor-8859\">\n\t\t\t\t<div class=\"elementor-element elementor-element-0a78fda e-flex e-con-boxed lakit-col-width-auto-no e-container e-root-container elementor-top-section e-con e-parent\" data-id=\"0a78fda\" data-element_type=\"container\" data-e-type=\"container\">\n\t\t\t\t\t<div class=\"e-con-inner\">\n\t\t\t\t<div class=\"elementor-element elementor-element-965287e elementor-widget elementor-widget-text-editor\" data-id=\"965287e\" data-element_type=\"widget\" data-e-type=\"widget\" data-widget_type=\"text-editor.default\">\n\t\t\t\t\t\t\t\t\t<p>\u015eirket \u00dcnvan\u0131: Justmybasic<\/p><p>Yetkili: Merve Nigri<\/p><p>Adres: Merkez Mah. \u0130zzetpa\u015fa sok. ayhan no:14 i\u00e7 kap\u0131 no:12 \u015fi\u015fli\/istanbul<\/p><p>E-posta: info@justmybasic.com<\/p><p>Telefon: 05301080248<\/p><p>Vergi Dairesi: \u015ei\u015fli<\/p><p>Vergi No: 2460149113<\/p><p>Justmybasic, elde \u00fcretilen kuma\u015f \u00e7antalar sunan butik bir \u00fcretim markas\u0131d\u0131r.<\/p><p>Bu web sitesi \u00fczerinden yap\u0131lan t\u00fcm sat\u0131\u015flar yukar\u0131daki \u015firket bilgileri kapsam\u0131nda y\u00fcr\u00fct\u00fclmektedir.<\/p>\t\t\t\t\t\t\t\t<\/div>\n\t\t\t\t\t<\/div>\n\t\t\t\t<\/div>\n\t\t\t\t<\/div>\n\t\t","protected":false},"excerpt":{"rendered":"<p>\u015eirket \u00dcnvan\u0131: Justmybasic Yetkili: Merve Nigri Adres: Merkez Mah. \u0130zzetpa\u015fa sok. ayhan no:14 i\u00e7 kap\u0131 no:12 \u015fi\u015fli\/istanbul E-posta: info@justmybasic.com Telefon: 05301080248 Vergi Dairesi: \u015ei\u015fli Vergi No: 2460149113 Justmybasic, elde \u00fcretilen kuma\u015f \u00e7antalar sunan butik bir \u00fcretim markas\u0131d\u0131r. Bu web sitesi \u00fczerinden yap\u0131lan t\u00fcm sat\u0131\u015flar yukar\u0131daki \u015firket bilgileri kapsam\u0131nda y\u00fcr\u00fct\u00fclmektedir.<\/p>\n","protected":false},"author":1,"featured_media":0,"parent":0,"menu_order":0,"comment_status":"closed","ping_status":"closed","template":"","meta":{"footnotes":""},"class_list":["post-8859","page","type-page","status-publish","hentry"],"_links":{"self":[{"href":"https:\/\/gino.com.tr\/index.php\/wp-json\/wp\/v2\/pages\/8859","targetHints":{"allow":["GET"]}}],"collection":[{"href":"https:\/\/gino.com.tr\/index.php\/wp-json\/wp\/v2\/pages"}],"about":[{"href":"https:\/\/gino.com.tr\/index.php\/wp-json\/wp\/v2\/types\/page"}],"author":[{"embeddable":true,"href":"https:\/\/gino.com.tr\/index.php\/wp-json\/wp\/v2\/users\/1"}],"replies":[{"embeddable":true,"href":"https:\/\/gino.com.tr\/index.php\/wp-json\/wp\/v2\/comments?post=8859"}],"version-history":[{"count":4,"href":"https:\/\/gino.com.tr\/index.php\/wp-json\/wp\/v2\/pages\/8859\/revisions"}],"predecessor-version":[{"id":8865,"href":"https:\/\/gino.com.tr\/index.php\/wp-json\/wp\/v2\/pages\/8859\/revisions\/8865"}],"wp:attachment":[{"href":"https:\/\/gino.com.tr\/index.php\/wp-json\/wp\/v2\/media?parent=8859"}],"curies":[{"name":"wp","href":"https:\/\/api.w.org\/{rel}","templated":true}]}}