{"id":8878,"date":"2026-03-08T22:45:21","date_gmt":"2026-03-08T19:45:21","guid":{"rendered":"https:\/\/gino.com.tr\/?page_id=8878"},"modified":"2026-03-08T22:46:13","modified_gmt":"2026-03-08T19:46:13","slug":"hizmet-sartlari","status":"publish","type":"page","link":"https:\/\/gino.com.tr\/index.php\/hizmet-sartlari\/","title":{"rendered":"Hizmet \u015eartlar\u0131"},"content":{"rendered":"\t\t<div data-elementor-type=\"wp-page\" data-elementor-id=\"8878\" class=\"elementor elementor-8878\">\n\t\t\t\t<div class=\"elementor-element elementor-element-b778423 e-flex e-con-boxed lakit-col-width-auto-no e-container e-root-container elementor-top-section e-con e-parent\" data-id=\"b778423\" data-element_type=\"container\" data-e-type=\"container\">\n\t\t\t\t\t<div class=\"e-con-inner\">\n\t\t\t\t<div class=\"elementor-element elementor-element-9857b9c elementor-widget elementor-widget-text-editor\" data-id=\"9857b9c\" data-element_type=\"widget\" data-e-type=\"widget\" data-widget_type=\"text-editor.default\">\n\t\t\t\t\t\t\t\t\t<p>Bu web sitesini kullanarak a\u015fa\u011f\u0131daki \u015fartlar\u0131 kabul etmi\u015f olursunuz:<\/p><p>1.Sitedeki t\u00fcm i\u00e7erik, tasar\u0131m, foto\u011fraf ve metinler Justmybasic\u2019e aittir; izin al\u0131nmadan kullan\u0131lamaz.<\/p><p>2.Sitedeki bilgiler zaman zaman g\u00fcncellenebilir.<\/p><p>3.Yap\u0131lan al\u0131\u015fveri\u015flerin ticari de\u011fil, ki\u015fisel kullan\u0131m amac\u0131yla yap\u0131ld\u0131\u011f\u0131 kabul edilir.<\/p><p>4.\u00d6deme i\u015flemleri g\u00fcvenli altyap\u0131 \u00fczerinden sa\u011flan\u0131r.<\/p><p>5.Kullan\u0131c\u0131, sipari\u015f bilgilerini do\u011fru ve eksiksiz girmekle y\u00fck\u00fcml\u00fcd\u00fcr.<\/p><p>Justmybasic, hizmet \u015fartlar\u0131n\u0131 g\u00fcncelleme hakk\u0131n\u0131 sakl\u0131 tutar.<\/p>\t\t\t\t\t\t\t\t<\/div>\n\t\t\t\t\t<\/div>\n\t\t\t\t<\/div>\n\t\t\t\t<\/div>\n\t\t","protected":false},"excerpt":{"rendered":"<p>Bu web sitesini kullanarak a\u015fa\u011f\u0131daki \u015fartlar\u0131 kabul etmi\u015f olursunuz: 1.Sitedeki t\u00fcm i\u00e7erik, tasar\u0131m, foto\u011fraf ve metinler Justmybasic\u2019e aittir; izin al\u0131nmadan kullan\u0131lamaz. 2.Sitedeki bilgiler zaman zaman g\u00fcncellenebilir. 3.Yap\u0131lan al\u0131\u015fveri\u015flerin ticari de\u011fil, ki\u015fisel kullan\u0131m amac\u0131yla yap\u0131ld\u0131\u011f\u0131 kabul edilir. 4.\u00d6deme i\u015flemleri g\u00fcvenli altyap\u0131 \u00fczerinden sa\u011flan\u0131r. 5.Kullan\u0131c\u0131, sipari\u015f bilgilerini do\u011fru ve eksiksiz girmekle y\u00fck\u00fcml\u00fcd\u00fcr. Justmybasic,&hellip;<\/p>\n","protected":false},"author":1,"featured_media":0,"parent":0,"menu_order":0,"comment_status":"closed","ping_status":"closed","template":"","meta":{"footnotes":""},"class_list":["post-8878","page","type-page","status-publish","hentry"],"_links":{"self":[{"href":"https:\/\/gino.com.tr\/index.php\/wp-json\/wp\/v2\/pages\/8878","targetHints":{"allow":["GET"]}}],"collection":[{"href":"https:\/\/gino.com.tr\/index.php\/wp-json\/wp\/v2\/pages"}],"about":[{"href":"https:\/\/gino.com.tr\/index.php\/wp-json\/wp\/v2\/types\/page"}],"author":[{"embeddable":true,"href":"https:\/\/gino.com.tr\/index.php\/wp-json\/wp\/v2\/users\/1"}],"replies":[{"embeddable":true,"href":"https:\/\/gino.com.tr\/index.php\/wp-json\/wp\/v2\/comments?post=8878"}],"version-history":[{"count":4,"href":"https:\/\/gino.com.tr\/index.php\/wp-json\/wp\/v2\/pages\/8878\/revisions"}],"predecessor-version":[{"id":8882,"href":"https:\/\/gino.com.tr\/index.php\/wp-json\/wp\/v2\/pages\/8878\/revisions\/8882"}],"wp:attachment":[{"href":"https:\/\/gino.com.tr\/index.php\/wp-json\/wp\/v2\/media?parent=8878"}],"curies":[{"name":"wp","href":"https:\/\/api.w.org\/{rel}","templated":true}]}}